{"id":6166,"date":"2019-11-01T20:23:23","date_gmt":"2019-11-01T17:23:23","guid":{"rendered":"https:\/\/www.globexbusiness.com\/home\/"},"modified":"2019-11-04T17:35:36","modified_gmt":"2019-11-04T14:35:36","slug":"anasayfa","status":"publish","type":"page","link":"https:\/\/www.globexbusiness.com\/tr\/","title":{"rendered":"ANASAYFA"},"content":{"rendered":"<section class=\"wpb-content-wrapper\"><p>[vc_row full_width=&#8221;stretch_row_content&#8221; content_placement=&#8221;bottom&#8221; css=&#8221;.vc_custom_1467375706049{margin-top: 0px !important;margin-bottom: 0px !important;padding-top: 0px !important;padding-bottom: 0px !important;}&#8221;][vc_column width=&#8221;1\/2&#8243; css=&#8221;.vc_custom_1467190034864{margin-top: 0px !important;margin-right: 0px !important;margin-bottom: 0px !important;margin-left: 0px !important;padding-top: 0px !important;padding-right: 0px !important;padding-bottom: 0px !important;padding-left: 0px !important;}&#8221;][vc_column_text css_animation=&#8221;left-to-right&#8221;]<img decoding=\"async\" loading=\"lazy\" class=\"alignnone size-full wp-image-6025\" src=\"https:\/\/www.globexbusiness.com\/wp-content\/uploads\/2019\/10\/global-trade-issues3.jpg\" alt=\"\" width=\"1920\" height=\"1463\" \/>[\/vc_column_text][\/vc_column][vc_column width=&#8221;1\/2&#8243; css=&#8221;.vc_custom_1467190965729{margin-right: 0px !important;margin-bottom: 0px !important;margin-left: 0px !important;padding-right: 0px !important;padding-left: 0px !important;}&#8221;]<div class='gambit_background_row' style='background-color: #f0f4f7;background-size: cover;background-position: center;'><\/div>[vc_row_inner content_placement=&#8221;top&#8221; css=&#8221;.vc_custom_1467375720503{margin-right: 0px !important;margin-bottom: 0px !important;margin-left: 0px !important;padding-right: 100px !important;padding-bottom: 60px !important;padding-left: 60px !important;}&#8221;][vc_column_inner css=&#8221;.vc_custom_1467188481059{margin-top: 0px !important;margin-bottom: 0px !important;padding-top: 0px !important;padding-bottom: 0px !important;}&#8221;][vc_custom_heading text=&#8221;GLOBEX &#8221; font_container=&#8221;tag:h1|font_size:36px|text_align:left|color:%23232331|line_height:30px&#8221; google_fonts=&#8221;font_family:Montserrat%3Aregular%2C700|font_style:700%20bold%20regular%3A700%3Anormal&#8221; css_animation=&#8221;fadeInDown&#8221;][vc_custom_heading text=&#8221;Globex M\u00fchendislik Uluslararasi Sanayi Ve Di\u015f Ticaret Limited \u015eirketi, Vergi Kimlik No. 3961231237, \u0130stanbul&#8217;da kuruldu,&#8221; font_container=&#8221;tag:h2|font_size:18px|text_align:left|color:%23333333&#8243; google_fonts=&#8221;font_family:Montserrat%3Aregular%2C700|font_style:400%20regular%3A400%3Anormal&#8221; css_animation=&#8221;fadeInRight&#8221; css=&#8221;.vc_custom_1572629151148{margin-top: 0px !important;}&#8221;][vc_btn title=&#8221;daha fazla oku&#8230;&#8221; style=&#8221;classic&#8221; color=&#8221;danger&#8221; link=&#8221;url:https%3A%2F%2Fwww.globexbusiness.com%2Ftr%2Fprofile%2F||target:%20_blank|&#8221;][\/vc_column_inner][\/vc_row_inner][vc_row_inner content_placement=&#8221;bottom&#8221; css=&#8221;.vc_custom_1467375615397{margin-top: 0px !important;margin-bottom: 0px !important;margin-left: 0px !important;padding-top: 0px !important;padding-bottom: 60px !important;padding-left: 60px !important;background-color: #232331 !important;}&#8221;][vc_column_inner][vc_custom_heading text=&#8221;Globex Business , Global Tedarik !&#8221; font_container=&#8221;tag:h2|font_size:24px|text_align:left|color:%23ffffff|line_height:20px&#8221; google_fonts=&#8221;font_family:Montserrat%3Aregular%2C700|font_style:700%20bold%20regular%3A700%3Anormal&#8221; css_animation=&#8221;fadeInUp&#8221;][\/vc_column_inner][\/vc_row_inner][\/vc_column][\/vc_row][vc_row full_width=&#8221;stretch_row&#8221; css=&#8221;.vc_custom_1571922933426{margin-top: 0px !important;margin-bottom: 0px !important;padding-top: 55px !important;padding-bottom: 0px !important;}&#8221;][vc_column]<div class='gambit_background_row' style='background-color: rgba(35,35,49,0.8);background-size: cover;background-position: center;'><\/div>[vc_custom_heading text=&#8221;H\u0130ZMETLER&#8221; font_container=&#8221;tag:h1|font_size:36px|text_align:center|color:%23ffffff|line_height:30px&#8221; google_fonts=&#8221;font_family:Montserrat%3Aregular%2C700|font_style:700%20bold%20regular%3A700%3Anormal&#8221; css_animation=&#8221;fadeInDown&#8221;][vc_empty_space height=&#8221;70px&#8221;]<div class='gambit_parallax_row' data-bg-align='' data-direction='fixed' data-opacity='70' data-velocity='-0.3' data-mobile-enabled='' data-bg-height='796' data-bg-width='1800' data-bg-image='https:\/\/www.globexbusiness.com\/wp-content\/uploads\/2016\/03\/mt_eagle_abouttop.png' data-bg-repeat='false' data-id='' style='display: none'><\/div>[\/vc_column][vc_column css_animation=&#8221;fadeInLeftBig&#8221; width=&#8221;1\/4&#8243;][vc_hoverbox image=&#8221;6076&#8243; primary_title=&#8221;Uluslararas\u0131 market Ara\u015ft\u0131rma ve Geli\u015ftirme&#8221; primary_title_font_container=&#8221;color:%23ffffff&#8221; hover_title=&#8221;Uluslararas\u0131 market Ara\u015ft\u0131rma ve Geli\u015ftirme&#8221; hover_title_font_container=&#8221;font_size:15&#8243; use_custom_fonts_primary_title=&#8221;true&#8221; use_custom_fonts_hover_title=&#8221;true&#8221; hover_title_link=&#8221;url:https%3A%2F%2Fwww.globexbusiness.com%2Ftr%2Finternational-market-research-and-development%2F|||&#8221;]<span style=\"font-size: 14px;\">Size en iyi f\u0131rsatlar\u0131 bulmak i\u00e7in piyasadaki ticari g\u00f6stergeleri s\u00fcrekli takip ediyoruz.<\/span>[\/vc_hoverbox][vc_empty_space height=&#8221;70px&#8221;][\/vc_column][vc_column css_animation=&#8221;fadeInLeft&#8221; width=&#8221;1\/4&#8243;][vc_hoverbox image=&#8221;6072&#8243; primary_title=&#8221;Profesyonel S\u00f6zle\u015fmeler Y\u00f6netimi&#8221; primary_title_font_container=&#8221;color:%23ffffff&#8221; hover_title=&#8221;Profesyonel S\u00f6zle\u015fmeler Y\u00f6netimi&#8221; hover_title_font_container=&#8221;font_size:15&#8243; use_custom_fonts_primary_title=&#8221;true&#8221; use_custom_fonts_hover_title=&#8221;true&#8221; hover_title_link=&#8221;url:https%3A%2F%2Fwww.globexbusiness.com%2Ftr%2Fprofessional-contracts-management%2F|||&#8221;]<span style=\"font-size: 14px;\">Ticari i\u015flemlerinizi uluslararas\u0131 i\u015flemlerinizi kolayla\u015ft\u0131rmak i\u00e7in y\u00f6netiyoruz.<\/span>[\/vc_hoverbox][vc_empty_space height=&#8221;70px&#8221;][\/vc_column][vc_column css_animation=&#8221;fadeInRight&#8221; width=&#8221;1\/4&#8243;][vc_hoverbox image=&#8221;5432&#8243; primary_title=&#8221;\u00dcr\u00fcnTeslimi&#8221; primary_title_font_container=&#8221;color:%23ffffff&#8221; hover_title=&#8221;\u00dcr\u00fcnTeslimi&#8221; use_custom_fonts_primary_title=&#8221;true&#8221; use_custom_fonts_hover_title=&#8221;true&#8221; hover_title_link=&#8221;url:https%3A%2F%2Fwww.globexbusiness.com%2Ftr%2Furun-teslimi%2F|||&#8221;]<span style=\"font-size: 14px;\">Sipari\u015flerinizi uluslararas\u0131 ta\u015f\u0131mac\u0131l\u0131k kurallar\u0131na g\u00f6re g\u00f6nderiyoruz.<\/span>[\/vc_hoverbox][vc_empty_space height=&#8221;70px&#8221;][\/vc_column][vc_column css_animation=&#8221;fadeInRightBig&#8221; width=&#8221;1\/4&#8243;][vc_hoverbox image=&#8221;6078&#8243; primary_title=&#8221;Dan\u0131\u015fmanl\u0131k&#8221; primary_title_font_container=&#8221;color:%23ffffff&#8221; hover_title=&#8221;Dan\u0131\u015fmanl\u0131k&#8221; use_custom_fonts_primary_title=&#8221;true&#8221; use_custom_fonts_hover_title=&#8221;true&#8221; hover_title_link=&#8221;url:https%3A%2F%2Fwww.globexbusiness.com%2Ftr%2Fconsultancy%2F|||&#8221;]<span style=\"font-size: 14px;\">Size uluslararas\u0131 ticaret konusunda uzman tavsiyelerde bulunmaktan mutluluk duyuyoruz.<\/span>[\/vc_hoverbox][vc_empty_space height=&#8221;70px&#8221;][\/vc_column][\/vc_row]<\/p>\n<\/section>","protected":false},"excerpt":{"rendered":"<p>[vc_row full_width=&#8221;stretch_row_content&#8221; content_placement=&#8221;bottom&#8221; css=&#8221;.vc_custom_1467375706049{margin-top: 0px !important;margin-bottom: 0px !important;padding-top: 0px !important;padding-bottom: 0px !important;}&#8221;][vc_column width=&#8221;1\/2&#8243; css=&#8221;.vc_custom_1467190034864{margin-top: 0px !important;margin-right: 0px !important;margin-bottom: 0px !important;margin-left: 0px !important;padding-top: 0px !important;padding-right: 0px !important;padding-bottom: 0px !important;padding-left: 0px !important;}&#8221;][vc_column_text css_animation=&#8221;left-to-right&#8221;][\/vc_column_text][\/vc_column][vc_column width=&#8221;1\/2&#8243; css=&#8221;.vc_custom_1467190965729{margin-right: 0px !important;margin-bottom: 0px !important;margin-left: 0px !important;padding-right: 0px !important;padding-left: 0px !important;}&#8221;][vc_row_inner content_placement=&#8221;top&#8221; css=&#8221;.vc_custom_1467375720503{margin-right: 0px !important;margin-bottom: 0px !important;margin-left: 0px !important;padding-right: 100px !important;padding-bottom: 60px !important;padding-left: [&hellip;]<\/p>\n","protected":false},"author":1,"featured_media":0,"parent":0,"menu_order":0,"comment_status":"closed","ping_status":"closed","template":"","meta":[],"_links":{"self":[{"href":"https:\/\/www.globexbusiness.com\/tr\/wp-json\/wp\/v2\/pages\/6166"}],"collection":[{"href":"https:\/\/www.globexbusiness.com\/tr\/wp-json\/wp\/v2\/pages"}],"about":[{"href":"https:\/\/www.globexbusiness.com\/tr\/wp-json\/wp\/v2\/types\/page"}],"author":[{"embeddable":true,"href":"https:\/\/www.globexbusiness.com\/tr\/wp-json\/wp\/v2\/users\/1"}],"replies":[{"embeddable":true,"href":"https:\/\/www.globexbusiness.com\/tr\/wp-json\/wp\/v2\/comments?post=6166"}],"version-history":[{"count":15,"href":"https:\/\/www.globexbusiness.com\/tr\/wp-json\/wp\/v2\/pages\/6166\/revisions"}],"predecessor-version":[{"id":6445,"href":"https:\/\/www.globexbusiness.com\/tr\/wp-json\/wp\/v2\/pages\/6166\/revisions\/6445"}],"wp:attachment":[{"href":"https:\/\/www.globexbusiness.com\/tr\/wp-json\/wp\/v2\/media?parent=6166"}],"curies":[{"name":"wp","href":"https:\/\/api.w.org\/{rel}","templated":true}]}}