{"id":6176,"date":"2019-11-01T20:48:04","date_gmt":"2019-11-01T17:48:04","guid":{"rendered":"https:\/\/www.globexbusiness.com\/vision\/"},"modified":"2019-11-04T15:23:24","modified_gmt":"2019-11-04T12:23:24","slug":"vision","status":"publish","type":"page","link":"https:\/\/www.globexbusiness.com\/tr\/vision\/","title":{"rendered":"V\u0130ZYON"},"content":{"rendered":"<section class=\"wpb-content-wrapper\"><p>[vc_row][vc_column][vc_empty_space][vc_column_text css_animation=&#8221;fadeInUp&#8221;]<\/p>\n<p>Globex :<\/p>\n<ul>\n<li>d\u00fcnya \u00e7ap\u0131nda uluslararas\u0131 ticaret alanlar\u0131nda lider i\u015fletmeler aras\u0131nda yer almaya kararl\u0131.<\/li>\n<li>ekibinin ve m\u00fc\u015fterilerinin uluslararas\u0131 ticaret sorunlar\u0131n\u0131 \u00e7\u00f6zmede \u00f6nc\u00fcler aras\u0131nda olmalar\u0131n\u0131 sa\u011flama konusunda kararl\u0131d\u0131r.<\/li>\n<li>modern teknoloji ve bilime ayak uydurarak D\u00fcnya Ticaret Kalitesini artt\u0131rmak isteyen uluslararas\u0131 \u015firketler ve giri\u015fimcilerle iki tarafl\u0131 i\u015fbirli\u011fi ve ortakl\u0131k kurmaya kararl\u0131..<\/li>\n<li>hizmetlerini ve bunun sonucunda da m\u00fc\u015fterilerin ba\u015far\u0131s\u0131n\u0131 zenginle\u015ftirmek i\u00e7in yenilik\u00e7i \u00e7\u00f6z\u00fcmlere \u00f6zellikle s\u0131cak bir kar\u015f\u0131lama sunmaya kararl\u0131.<\/li>\n<li>bireysel ve \u00f6rg\u00fctsel becerilerin keskinle\u015ftirilmesi yoluyla gen\u00e7ler i\u00e7in etkili ve hedefe y\u00f6nelik i\u015f f\u0131rsatlar\u0131 yaratma konusunda kararl\u0131d\u0131r.<\/li>\n<\/ul>\n<p>[\/vc_column_text][\/vc_column][\/vc_row]<\/p>\n<\/section>","protected":false},"excerpt":{"rendered":"<p>[vc_row][vc_column][vc_empty_space][vc_column_text css_animation=&#8221;fadeInUp&#8221;] Globex : d\u00fcnya \u00e7ap\u0131nda uluslararas\u0131 ticaret alanlar\u0131nda lider i\u015fletmeler aras\u0131nda yer almaya kararl\u0131. ekibinin ve m\u00fc\u015fterilerinin uluslararas\u0131 ticaret sorunlar\u0131n\u0131 \u00e7\u00f6zmede \u00f6nc\u00fcler aras\u0131nda olmalar\u0131n\u0131 sa\u011flama konusunda kararl\u0131d\u0131r. modern teknoloji ve bilime ayak uydurarak D\u00fcnya Ticaret Kalitesini artt\u0131rmak isteyen uluslararas\u0131 \u015firketler ve giri\u015fimcilerle iki tarafl\u0131 i\u015fbirli\u011fi ve ortakl\u0131k kurmaya kararl\u0131.. hizmetlerini ve bunun sonucunda da [&hellip;]<\/p>\n","protected":false},"author":1,"featured_media":6161,"parent":0,"menu_order":0,"comment_status":"closed","ping_status":"closed","template":"","meta":[],"_links":{"self":[{"href":"https:\/\/www.globexbusiness.com\/tr\/wp-json\/wp\/v2\/pages\/6176"}],"collection":[{"href":"https:\/\/www.globexbusiness.com\/tr\/wp-json\/wp\/v2\/pages"}],"about":[{"href":"https:\/\/www.globexbusiness.com\/tr\/wp-json\/wp\/v2\/types\/page"}],"author":[{"embeddable":true,"href":"https:\/\/www.globexbusiness.com\/tr\/wp-json\/wp\/v2\/users\/1"}],"replies":[{"embeddable":true,"href":"https:\/\/www.globexbusiness.com\/tr\/wp-json\/wp\/v2\/comments?post=6176"}],"version-history":[{"count":4,"href":"https:\/\/www.globexbusiness.com\/tr\/wp-json\/wp\/v2\/pages\/6176\/revisions"}],"predecessor-version":[{"id":6447,"href":"https:\/\/www.globexbusiness.com\/tr\/wp-json\/wp\/v2\/pages\/6176\/revisions\/6447"}],"wp:featuredmedia":[{"embeddable":true,"href":"https:\/\/www.globexbusiness.com\/tr\/wp-json\/wp\/v2\/media\/6161"}],"wp:attachment":[{"href":"https:\/\/www.globexbusiness.com\/tr\/wp-json\/wp\/v2\/media?parent=6176"}],"curies":[{"name":"wp","href":"https:\/\/api.w.org\/{rel}","templated":true}]}}