{"id":6178,"date":"2019-11-01T20:49:01","date_gmt":"2019-11-01T17:49:01","guid":{"rendered":"https:\/\/www.globexbusiness.com\/mission\/"},"modified":"2019-11-04T15:24:54","modified_gmt":"2019-11-04T12:24:54","slug":"mission","status":"publish","type":"page","link":"https:\/\/www.globexbusiness.com\/tr\/mission\/","title":{"rendered":"M\u0130SYON"},"content":{"rendered":"<section class=\"wpb-content-wrapper\"><p>[vc_row][vc_column][vc_empty_space][vc_column_text css_animation=&#8221;fadeInUp&#8221;]<\/p>\n<p>Globex:<\/p>\n<ul>\n<li>ticaret hizmetlerini stratejik ve teknik olarak y\u00fcr\u00fctmeyi taahh\u00fct eder..<\/li>\n<li>i\u00e7 piyasa \u00fcr\u00fcnlerinin kalite y\u00f6netimine yakla\u015f\u0131mla ve makul ve k\u00fcresel piyasalara girme maliyetlerini azaltmak i\u00e7in makul bir yakla\u015f\u0131mla yakla\u015fmak suretiyle uluslararas\u0131 ticaret s\u00fcrecini y\u00f6netmeyi ve h\u0131zland\u0131rmay\u0131 taahh\u00fct eder<\/li>\n<li>yerli \u00fcr\u00fcnleri uluslararas\u0131 standartlara y\u00f6nlendirip s\u00fcrekli geli\u015ftirmeyi, geli\u015ftirmeyi ve desteklemeyi taahh\u00fct eder.<\/li>\n<li>ihracat s\u00fcrecini m\u00fcmk\u00fcn olan en verimli \u015fekilde y\u00fcr\u00fctmek i\u00e7in tedarik zincirini stratejik olarak y\u00f6netmeyi taahh\u00fct ediyor.<\/li>\n<li>\u00fcr\u00fcn ve hizmetlerine niteliksel ve niceliksel de\u011fer katarak m\u00fc\u015fterilerin ihtiya\u00e7lar\u0131n\u0131 kar\u015f\u0131lamay\u0131 taahh\u00fct eder.<\/li>\n<\/ul>\n<p>[\/vc_column_text][\/vc_column][\/vc_row]<\/p>\n<\/section>","protected":false},"excerpt":{"rendered":"<p>[vc_row][vc_column][vc_empty_space][vc_column_text css_animation=&#8221;fadeInUp&#8221;] Globex: ticaret hizmetlerini stratejik ve teknik olarak y\u00fcr\u00fctmeyi taahh\u00fct eder.. i\u00e7 piyasa \u00fcr\u00fcnlerinin kalite y\u00f6netimine yakla\u015f\u0131mla ve makul ve k\u00fcresel piyasalara girme maliyetlerini azaltmak i\u00e7in makul bir yakla\u015f\u0131mla yakla\u015fmak suretiyle uluslararas\u0131 ticaret s\u00fcrecini y\u00f6netmeyi ve h\u0131zland\u0131rmay\u0131 taahh\u00fct eder yerli \u00fcr\u00fcnleri uluslararas\u0131 standartlara y\u00f6nlendirip s\u00fcrekli geli\u015ftirmeyi, geli\u015ftirmeyi ve desteklemeyi taahh\u00fct eder. ihracat s\u00fcrecini m\u00fcmk\u00fcn [&hellip;]<\/p>\n","protected":false},"author":1,"featured_media":6157,"parent":0,"menu_order":0,"comment_status":"closed","ping_status":"closed","template":"","meta":[],"_links":{"self":[{"href":"https:\/\/www.globexbusiness.com\/tr\/wp-json\/wp\/v2\/pages\/6178"}],"collection":[{"href":"https:\/\/www.globexbusiness.com\/tr\/wp-json\/wp\/v2\/pages"}],"about":[{"href":"https:\/\/www.globexbusiness.com\/tr\/wp-json\/wp\/v2\/types\/page"}],"author":[{"embeddable":true,"href":"https:\/\/www.globexbusiness.com\/tr\/wp-json\/wp\/v2\/users\/1"}],"replies":[{"embeddable":true,"href":"https:\/\/www.globexbusiness.com\/tr\/wp-json\/wp\/v2\/comments?post=6178"}],"version-history":[{"count":4,"href":"https:\/\/www.globexbusiness.com\/tr\/wp-json\/wp\/v2\/pages\/6178\/revisions"}],"predecessor-version":[{"id":6448,"href":"https:\/\/www.globexbusiness.com\/tr\/wp-json\/wp\/v2\/pages\/6178\/revisions\/6448"}],"wp:featuredmedia":[{"embeddable":true,"href":"https:\/\/www.globexbusiness.com\/tr\/wp-json\/wp\/v2\/media\/6157"}],"wp:attachment":[{"href":"https:\/\/www.globexbusiness.com\/tr\/wp-json\/wp\/v2\/media?parent=6178"}],"curies":[{"name":"wp","href":"https:\/\/api.w.org\/{rel}","templated":true}]}}