{"id":6180,"date":"2019-11-01T20:53:23","date_gmt":"2019-11-01T17:53:23","guid":{"rendered":"https:\/\/www.globexbusiness.com\/core-values\/"},"modified":"2022-04-05T16:32:48","modified_gmt":"2022-04-05T13:32:48","slug":"core-values","status":"publish","type":"page","link":"https:\/\/www.globexbusiness.com\/tr\/core-values\/","title":{"rendered":"Temel de\u011ferler"},"content":{"rendered":"<section class=\"wpb-content-wrapper\"><p>[vc_row][vc_column][vc_empty_space][vc_column_text css_animation=&#8221;fadeInUp&#8221;]<\/p>\n<ul>\n<li>Etik<\/li>\n<li>Sosyal sorumluluk<\/li>\n<li>M\u00fckemmel M\u00fcsteri Hizmetleri<\/li>\n<li>\u00d6nc\u00fc Uluslararas! Ticaret Hizmetleri<\/li>\n<li>Yaraticilik<\/li>\n<li>B\u00fct\u00fcnl\u00fck<\/li>\n<\/ul>\n<p>[\/vc_column_text][\/vc_column][\/vc_row]<\/p>\n<\/section>","protected":false},"excerpt":{"rendered":"<p>[vc_row][vc_column][vc_empty_space][vc_column_text css_animation=&#8221;fadeInUp&#8221;] Etik Sosyal sorumluluk M\u00fckemmel M\u00fcsteri Hizmetleri \u00d6nc\u00fc Uluslararas! Ticaret Hizmetleri Yaraticilik B\u00fct\u00fcnl\u00fck [\/vc_column_text][\/vc_column][\/vc_row]<\/p>\n","protected":false},"author":1,"featured_media":6155,"parent":0,"menu_order":0,"comment_status":"closed","ping_status":"closed","template":"","meta":[],"_links":{"self":[{"href":"https:\/\/www.globexbusiness.com\/tr\/wp-json\/wp\/v2\/pages\/6180"}],"collection":[{"href":"https:\/\/www.globexbusiness.com\/tr\/wp-json\/wp\/v2\/pages"}],"about":[{"href":"https:\/\/www.globexbusiness.com\/tr\/wp-json\/wp\/v2\/types\/page"}],"author":[{"embeddable":true,"href":"https:\/\/www.globexbusiness.com\/tr\/wp-json\/wp\/v2\/users\/1"}],"replies":[{"embeddable":true,"href":"https:\/\/www.globexbusiness.com\/tr\/wp-json\/wp\/v2\/comments?post=6180"}],"version-history":[{"count":6,"href":"https:\/\/www.globexbusiness.com\/tr\/wp-json\/wp\/v2\/pages\/6180\/revisions"}],"predecessor-version":[{"id":6473,"href":"https:\/\/www.globexbusiness.com\/tr\/wp-json\/wp\/v2\/pages\/6180\/revisions\/6473"}],"wp:featuredmedia":[{"embeddable":true,"href":"https:\/\/www.globexbusiness.com\/tr\/wp-json\/wp\/v2\/media\/6155"}],"wp:attachment":[{"href":"https:\/\/www.globexbusiness.com\/tr\/wp-json\/wp\/v2\/media?parent=6180"}],"curies":[{"name":"wp","href":"https:\/\/api.w.org\/{rel}","templated":true}]}}