{"id":6188,"date":"2019-11-01T21:03:43","date_gmt":"2019-11-01T18:03:43","guid":{"rendered":"https:\/\/www.globexbusiness.com\/consultancy\/"},"modified":"2019-11-04T16:27:29","modified_gmt":"2019-11-04T13:27:29","slug":"consultancy","status":"publish","type":"page","link":"https:\/\/www.globexbusiness.com\/tr\/consultancy\/","title":{"rendered":"Dan\u0131\u015fmanl\u0131k"},"content":{"rendered":"<section class=\"wpb-content-wrapper\"><p>[vc_row][vc_column][vc_empty_space][vc_column_text css_animation=&#8221;fadeInUp&#8221;]Globex\u2019in vizyon ve misyonunun ana bile\u015feni, yenilik\u00e7i ve s\u00fcrekli \u00f6\u011frenmedir. Bu nedenle, Globex \u00e7e\u015fitli uzmanlarla yak\u0131n i\u015fbirli\u011fi i\u00e7indedir ve uluslararas\u0131 ticaret, y\u00f6netim, finans ve end\u00fcstri alanlar\u0131nda dan\u0131\u015fmanl\u0131k ve e\u011fitim hizmetleri sa\u011flama konusunda uzmanla\u015fm\u0131\u015f.[\/vc_column_text][\/vc_column][\/vc_row]<\/p>\n<\/section>","protected":false},"excerpt":{"rendered":"<p>[vc_row][vc_column][vc_empty_space][vc_column_text css_animation=&#8221;fadeInUp&#8221;]Globex\u2019in vizyon ve misyonunun ana bile\u015feni, yenilik\u00e7i ve s\u00fcrekli \u00f6\u011frenmedir. Bu nedenle, Globex \u00e7e\u015fitli uzmanlarla yak\u0131n i\u015fbirli\u011fi i\u00e7indedir ve uluslararas\u0131 ticaret, y\u00f6netim, finans ve end\u00fcstri alanlar\u0131nda dan\u0131\u015fmanl\u0131k ve e\u011fitim hizmetleri sa\u011flama konusunda uzmanla\u015fm\u0131\u015f.[\/vc_column_text][\/vc_column][\/vc_row]<\/p>\n","protected":false},"author":1,"featured_media":6075,"parent":0,"menu_order":0,"comment_status":"closed","ping_status":"closed","template":"","meta":[],"_links":{"self":[{"href":"https:\/\/www.globexbusiness.com\/tr\/wp-json\/wp\/v2\/pages\/6188"}],"collection":[{"href":"https:\/\/www.globexbusiness.com\/tr\/wp-json\/wp\/v2\/pages"}],"about":[{"href":"https:\/\/www.globexbusiness.com\/tr\/wp-json\/wp\/v2\/types\/page"}],"author":[{"embeddable":true,"href":"https:\/\/www.globexbusiness.com\/tr\/wp-json\/wp\/v2\/users\/1"}],"replies":[{"embeddable":true,"href":"https:\/\/www.globexbusiness.com\/tr\/wp-json\/wp\/v2\/comments?post=6188"}],"version-history":[{"count":3,"href":"https:\/\/www.globexbusiness.com\/tr\/wp-json\/wp\/v2\/pages\/6188\/revisions"}],"predecessor-version":[{"id":6208,"href":"https:\/\/www.globexbusiness.com\/tr\/wp-json\/wp\/v2\/pages\/6188\/revisions\/6208"}],"wp:featuredmedia":[{"embeddable":true,"href":"https:\/\/www.globexbusiness.com\/tr\/wp-json\/wp\/v2\/media\/6075"}],"wp:attachment":[{"href":"https:\/\/www.globexbusiness.com\/tr\/wp-json\/wp\/v2\/media?parent=6188"}],"curies":[{"name":"wp","href":"https:\/\/api.w.org\/{rel}","templated":true}]}}