{"id":6190,"date":"2019-11-01T21:10:47","date_gmt":"2019-11-01T18:10:47","guid":{"rendered":"https:\/\/www.globexbusiness.com\/urun-teslimi\/"},"modified":"2019-11-01T21:10:47","modified_gmt":"2019-11-01T18:10:47","slug":"urun-teslimi","status":"publish","type":"page","link":"https:\/\/www.globexbusiness.com\/tr\/urun-teslimi\/","title":{"rendered":"\u00dcr\u00fcn Teslimi"},"content":{"rendered":"<section class=\"wpb-content-wrapper\"><p>[vc_row][vc_column][vc_empty_space][vc_column_text css_animation=&#8221;fadeInUp&#8221;]INCOTERMS KURALLARI&#8217;na ve Ticaret Finansman\u0131 i\u00e7in Tek Bi\u00e7imli G\u00fcmr\u00fck ve Uygulamalara dayanan GLOBEX, \u00f6zellikle farkl\u0131 \u00fclkeler ve dillere \u00fcr\u00fcn tedarik etmek s\u00f6z konusu oldu\u011funda k\u00fcresel ticaretin ger\u00e7ekle\u015ftirilmesini kolayla\u015ft\u0131rmakta ve planlanan teslimatlar\u0131 vaat etmektedir.[\/vc_column_text][\/vc_column][\/vc_row]<\/p>\n<\/section>","protected":false},"excerpt":{"rendered":"<p>[vc_row][vc_column][vc_empty_space][vc_column_text css_animation=&#8221;fadeInUp&#8221;]INCOTERMS KURALLARI&#8217;na ve Ticaret Finansman\u0131 i\u00e7in Tek Bi\u00e7imli G\u00fcmr\u00fck ve Uygulamalara dayanan GLOBEX, \u00f6zellikle farkl\u0131 \u00fclkeler ve dillere \u00fcr\u00fcn tedarik etmek s\u00f6z konusu oldu\u011funda k\u00fcresel ticaretin ger\u00e7ekle\u015ftirilmesini kolayla\u015ft\u0131rmakta ve planlanan teslimatlar\u0131 vaat etmektedir.[\/vc_column_text][\/vc_column][\/vc_row]<\/p>\n","protected":false},"author":1,"featured_media":5886,"parent":0,"menu_order":0,"comment_status":"closed","ping_status":"closed","template":"","meta":[],"_links":{"self":[{"href":"https:\/\/www.globexbusiness.com\/tr\/wp-json\/wp\/v2\/pages\/6190"}],"collection":[{"href":"https:\/\/www.globexbusiness.com\/tr\/wp-json\/wp\/v2\/pages"}],"about":[{"href":"https:\/\/www.globexbusiness.com\/tr\/wp-json\/wp\/v2\/types\/page"}],"author":[{"embeddable":true,"href":"https:\/\/www.globexbusiness.com\/tr\/wp-json\/wp\/v2\/users\/1"}],"replies":[{"embeddable":true,"href":"https:\/\/www.globexbusiness.com\/tr\/wp-json\/wp\/v2\/comments?post=6190"}],"version-history":[{"count":1,"href":"https:\/\/www.globexbusiness.com\/tr\/wp-json\/wp\/v2\/pages\/6190\/revisions"}],"predecessor-version":[{"id":6191,"href":"https:\/\/www.globexbusiness.com\/tr\/wp-json\/wp\/v2\/pages\/6190\/revisions\/6191"}],"wp:featuredmedia":[{"embeddable":true,"href":"https:\/\/www.globexbusiness.com\/tr\/wp-json\/wp\/v2\/media\/5886"}],"wp:attachment":[{"href":"https:\/\/www.globexbusiness.com\/tr\/wp-json\/wp\/v2\/media?parent=6190"}],"curies":[{"name":"wp","href":"https:\/\/api.w.org\/{rel}","templated":true}]}}