{"id":6192,"date":"2019-11-01T21:13:19","date_gmt":"2019-11-01T18:13:19","guid":{"rendered":"https:\/\/www.globexbusiness.com\/international-market-research-and-development\/"},"modified":"2019-11-04T15:36:45","modified_gmt":"2019-11-04T12:36:45","slug":"international-market-research-and-development","status":"publish","type":"page","link":"https:\/\/www.globexbusiness.com\/tr\/international-market-research-and-development\/","title":{"rendered":"Uluslararas\u0131 market Ara\u015ft\u0131rma ve Geli\u015ftirme"},"content":{"rendered":"<section class=\"wpb-content-wrapper\"><p>[vc_row][vc_column][vc_empty_space][vc_column_text css_animation=&#8221;fadeInUp&#8221;]Kapsaml\u0131 pazar ara\u015ft\u0131rmas\u0131 ve geli\u015ftirmesi olmadan al\u0131m sat\u0131m yapmak ve yaln\u0131zca kar\u015f\u0131l\u0131ks\u0131z sipari\u015fleri veya birincil pazar ara\u015ft\u0131rmas\u0131 y\u00f6ntemlerini kullanmak ihracat\u00e7\u0131lar\u0131n beklentilerini kar\u015f\u0131layamaz \u00e7\u00fcnk\u00fc ihracat uzun s\u00fcrmeyecek ve masrafl\u0131 olacakt\u0131r.<\/p>\n<p>Globex, pazar ara\u015ft\u0131rmas\u0131 ve geli\u015ftirmesi i\u00e7in a\u015fa\u011f\u0131daki hizmetleri sunmaktad\u0131r Yukar\u0131da belirtilen sorunlar\u0131 ortadan kald\u0131rmak ve m\u00fc\u015fterilerine uluslararas\u0131 pazarlara daha iyi ve daha teknik bir bak\u0131\u015f a\u00e7\u0131s\u0131 kazand\u0131rmak i\u00e7in :<\/p>\n<ul>\n<li>HS Koduyla \u00dcr\u00fcn Tan\u0131mlama<\/li>\n<li>EBOPS ile Hizmet Kimli\u011fi<\/li>\n<li>Mevcut Uluslararas\u0131 Piyasalarda Ticari G\u00f6stergelerin Ayl\u0131k, \u00dc\u00e7 Ayl\u0131k ve Y\u0131ll\u0131k De\u011ferlendirilmesi<\/li>\n<li>\u0130thalat, \u0130hracat ve Yerli \u00dcr\u00fcn Miktarlar\u0131na G\u00f6re Mevcut Piyasa De\u011ferlemesi<\/li>\n<li>Uzun Vadeli \u0130hracat Planlar\u0131n\u0131n Belirlenmesinde B\u00fcy\u00fcme Oranlar\u0131, Tarife ve Tarife D\u0131\u015f\u0131 \u00d6l\u00e7\u00fcmlerin De\u011ferlendirilmesi<\/li>\n<\/ul>\n<p>Azalan ve B\u00fcy\u00fcyen Pazarlara, Geleneksel ve Modern Pazarlara Girme Stratejilerinin Tan\u0131nmas\u0131[\/vc_column_text][\/vc_column][\/vc_row]<\/p>\n<\/section>","protected":false},"excerpt":{"rendered":"<p>[vc_row][vc_column][vc_empty_space][vc_column_text css_animation=&#8221;fadeInUp&#8221;]Kapsaml\u0131 pazar ara\u015ft\u0131rmas\u0131 ve geli\u015ftirmesi olmadan al\u0131m sat\u0131m yapmak ve yaln\u0131zca kar\u015f\u0131l\u0131ks\u0131z sipari\u015fleri veya birincil pazar ara\u015ft\u0131rmas\u0131 y\u00f6ntemlerini kullanmak ihracat\u00e7\u0131lar\u0131n beklentilerini kar\u015f\u0131layamaz \u00e7\u00fcnk\u00fc ihracat uzun s\u00fcrmeyecek ve masrafl\u0131 olacakt\u0131r. Globex, pazar ara\u015ft\u0131rmas\u0131 ve geli\u015ftirmesi i\u00e7in a\u015fa\u011f\u0131daki hizmetleri sunmaktad\u0131r Yukar\u0131da belirtilen sorunlar\u0131 ortadan kald\u0131rmak ve m\u00fc\u015fterilerine uluslararas\u0131 pazarlara daha iyi ve daha teknik bir bak\u0131\u015f [&hellip;]<\/p>\n","protected":false},"author":1,"featured_media":6077,"parent":0,"menu_order":0,"comment_status":"closed","ping_status":"closed","template":"","meta":[],"_links":{"self":[{"href":"https:\/\/www.globexbusiness.com\/tr\/wp-json\/wp\/v2\/pages\/6192"}],"collection":[{"href":"https:\/\/www.globexbusiness.com\/tr\/wp-json\/wp\/v2\/pages"}],"about":[{"href":"https:\/\/www.globexbusiness.com\/tr\/wp-json\/wp\/v2\/types\/page"}],"author":[{"embeddable":true,"href":"https:\/\/www.globexbusiness.com\/tr\/wp-json\/wp\/v2\/users\/1"}],"replies":[{"embeddable":true,"href":"https:\/\/www.globexbusiness.com\/tr\/wp-json\/wp\/v2\/comments?post=6192"}],"version-history":[{"count":3,"href":"https:\/\/www.globexbusiness.com\/tr\/wp-json\/wp\/v2\/pages\/6192\/revisions"}],"predecessor-version":[{"id":6452,"href":"https:\/\/www.globexbusiness.com\/tr\/wp-json\/wp\/v2\/pages\/6192\/revisions\/6452"}],"wp:featuredmedia":[{"embeddable":true,"href":"https:\/\/www.globexbusiness.com\/tr\/wp-json\/wp\/v2\/media\/6077"}],"wp:attachment":[{"href":"https:\/\/www.globexbusiness.com\/tr\/wp-json\/wp\/v2\/media?parent=6192"}],"curies":[{"name":"wp","href":"https:\/\/api.w.org\/{rel}","templated":true}]}}